{"id":97,"date":"2016-10-06T15:15:43","date_gmt":"2016-10-06T13:15:43","guid":{"rendered":"http:\/\/efficience-i.fr\/efficiencewp\/?page_id=97"},"modified":"2024-10-11T09:59:34","modified_gmt":"2024-10-11T07:59:34","slug":"au-quotidien","status":"publish","type":"page","link":"https:\/\/www.efficience-i.fr\/","title":{"rendered":"Au quotidien"},"content":{"rendered":"<p><strong><span style=\"color: #2c5993;\">Au quotidien, \u00eatre un client EFFICIENCE i, c&rsquo;est\u00a0b\u00e9n\u00e9ficier d&rsquo;une m\u00e9thodologie concr\u00e8te :<\/span><\/strong><\/p>\n<ul>\n<li><strong>Lors de nos premi\u00e8res interventions sur vos syst\u00e8mes<\/strong>, nous r\u00e9alisons une premi\u00e8re phase de \u00ab\u00a0prise en main\u00a0\u00bb de votre informatique, selon le mod\u00e8le suivant :\n<ul>\n<li><u>Audit<\/u> :\n<ul>\n<li>Environnement de vos \u00e9quipements.<\/li>\n<li>Infrastructure du r\u00e9seau.<\/li>\n<li>Interconnexions (Internet, intersites&#8230;).<\/li>\n<li>Mat\u00e9riels.<\/li>\n<li>S\u00e9curit\u00e9s.<\/li>\n<li>Documentations.<\/li>\n<\/ul>\n<\/li>\n<li><u>Propositions d&rsquo;\u00e9volutions<\/u>.<\/li>\n<li><u>Validation des actions \u00e0 mener<\/u>.<\/li>\n<li><u>Mise en conformit\u00e9 de votre structure<\/u>.<\/li>\n<li><u>R\u00e9daction de votre Dossier Technique Client<\/u>.<\/li>\n<li><u>Pr\u00e9paration des budgets<\/u> avec vos services.<\/li>\n<\/ul>\n<\/li>\n<\/ul>\n<p>&nbsp;<\/p>\n<ul>\n<li>Ensuite, <strong>nos interventions r\u00e9guli\u00e8res, <\/strong>nous permettent la maintenance et l&rsquo;am\u00e9lioration du syst\u00e8me. Bas\u00e9e sur le principe du cycle de Deming, notre m\u00e9thodologie de gestion comporte les phases suivantes :<img loading=\"lazy\" decoding=\"async\" class=\"alignright wp-image-98\" src=\"https:\/\/www.efficience-i.fr\/wp-content\/uploads\/2016\/10\/roue.bmp\" alt=\"\" width=\"384\" height=\"357\" \/>\n<ul>\n<li><u>Am\u00e9lioration<\/u> (Agir &#8211; Act) :\n<ul>\n<li>Identification des probl\u00e9matiques r\u00e9currentes.<\/li>\n<li>Identification des projets d&rsquo;\u00e9volutions.<\/li>\n<\/ul>\n<\/li>\n<li><u>Planification<\/u> (Planifier &#8211; Plan) :\n<ul>\n<li>Etudes.<\/li>\n<li>Budgets.<\/li>\n<li>Propositions.<\/li>\n<li>Validations.<\/li>\n<\/ul>\n<\/li>\n<li><u>Transition<\/u> (Faire &#8211; Do) :\n<ul>\n<li>Actions.<\/li>\n<li>Validations.<\/li>\n<li>Mise en exploitation.<\/li>\n<\/ul>\n<\/li>\n<li><u>Contr\u00f4le<\/u> (V\u00e9rifier &#8211; Check) :\n<ul>\n<li>Monitoring &#8211; supervision.<\/li>\n<\/ul>\n<\/li>\n<li><u>S\u00e9curisation<\/u> (Syst\u00e8me de management de la qualit\u00e9) :\n<ul>\n<li>Documentations.<\/li>\n<li>Proc\u00e9dures.<\/li>\n<\/ul>\n<\/li>\n<\/ul>\n<\/li>\n<\/ul>\n<p>Ces m\u00e9thodes d&rsquo;intervention nous permettent de garantir la p\u00e9rennit\u00e9 et le bon fonctionnement de vos syst\u00e8mes tout en \u00e9tant r\u00e9actif face \u00e0 l&rsquo;\u00e9volution de vos besoins. La gestion, en mode projet, de chaque \u00e9volution de vos syst\u00e8mes en assure la r\u00e9ussite en respectant budgets et d\u00e9lais.<\/p>\n<p>Les mises \u00e0 jours r\u00e9guli\u00e8res des documentations s\u00e9curisent vos infrastructures et vous fournissent une vue d&rsquo;ensemble de l&rsquo;\u00e9tat de votre informatique.<\/p>\n<p>La veille technologique exerc\u00e9e en permanence au sein de notre structure nous autorise \u00e0 vous porter conseil et \u00e0 faciliter vos choix techniques lors de la mise en place de nouveaux outils ou de nouvelles fonctionnalit\u00e9s.<\/p>\n","protected":false},"excerpt":{"rendered":"<p>Au quotidien, \u00eatre un client EFFICIENCE i, c&rsquo;est\u00a0b\u00e9n\u00e9ficier d&rsquo;une m\u00e9thodologie concr\u00e8te : Lors de nos premi\u00e8res interventions sur vos syst\u00e8mes, nous r\u00e9alisons une premi\u00e8re phase de \u00ab\u00a0prise en main\u00a0\u00bb de votre informatique, selon le mod\u00e8le suivant : Audit : Environnement de vos \u00e9quipements. Infrastructure du r\u00e9seau. Interconnexions (Internet, intersites&#8230;). Mat\u00e9riels. S\u00e9curit\u00e9s. Documentations. Propositions d&rsquo;\u00e9volutions. Validation des actions \u00e0 mener. Mise en conformit\u00e9 de votre structure. [&hellip;]<\/p>\n","protected":false},"author":1,"featured_media":0,"parent":0,"menu_order":0,"comment_status":"closed","ping_status":"closed","template":"","meta":{"footnotes":""},"class_list":["post-97","page","type-page","status-publish","hentry"],"_links":{"self":[{"href":"https:\/\/www.efficience-i.fr\/index.php\/wp-json\/wp\/v2\/pages\/97","targetHints":{"allow":["GET"]}}],"collection":[{"href":"https:\/\/www.efficience-i.fr\/index.php\/wp-json\/wp\/v2\/pages"}],"about":[{"href":"https:\/\/www.efficience-i.fr\/index.php\/wp-json\/wp\/v2\/types\/page"}],"author":[{"embeddable":true,"href":"https:\/\/www.efficience-i.fr\/index.php\/wp-json\/wp\/v2\/users\/1"}],"replies":[{"embeddable":true,"href":"https:\/\/www.efficience-i.fr\/index.php\/wp-json\/wp\/v2\/comments?post=97"}],"version-history":[{"count":9,"href":"https:\/\/www.efficience-i.fr\/index.php\/wp-json\/wp\/v2\/pages\/97\/revisions"}],"predecessor-version":[{"id":292,"href":"https:\/\/www.efficience-i.fr\/index.php\/wp-json\/wp\/v2\/pages\/97\/revisions\/292"}],"wp:attachment":[{"href":"https:\/\/www.efficience-i.fr\/index.php\/wp-json\/wp\/v2\/media?parent=97"}],"curies":[{"name":"wp","href":"https:\/\/api.w.org\/{rel}","templated":true}]}}