{"id":262,"date":"2023-11-06T08:54:37","date_gmt":"2023-11-06T07:54:37","guid":{"rendered":"https:\/\/www.efficience-i.fr\/?page_id=262"},"modified":"2024-10-11T10:03:55","modified_gmt":"2024-10-11T08:03:55","slug":"efficience-green-control","status":"publish","type":"page","link":"https:\/\/www.efficience-i.fr\/index.php\/efficience-green-control\/","title":{"rendered":"EFFICIENCE GREEN CONTROL \u00a0"},"content":{"rendered":"\n<p><strong><mark style=\"background-color:rgba(0, 0, 0, 0);color:#2c5993\" class=\"has-inline-color\">BIENVENUE<\/mark>&nbsp;CHEZ EFFICIENCE GREEN CONTROL (<mark style=\"background-color:rgba(0, 0, 0, 0);color:#2c5993\" class=\"has-inline-color\">EGC<\/mark>)<\/strong><\/p>\n\n\n\n<p><\/p>\n\n\n\n<p>Depuis les d\u00e9buts d\u2019Efficience i, l\u2019innovation constante a toujours \u00e9t\u00e9 au c\u0153ur de notre engagement envers nos clients&nbsp;!<\/p>\n\n\n\n<p>Dans notre domaine, l\u2019infog\u00e9rance des services informatiques, nous avons constamment cherch\u00e9 \u00e0 \u00e9lever la qualit\u00e9 de nos services.<\/p>\n\n\n\n<p>Notre qu\u00eate d\u2019\u00eatre \u00e0 la pointe de la technologie et de fournir ce qu\u2019il se fait de mieux en mati\u00e8re de gestion informatique ne s\u2019est jamais rel\u00e2ch\u00e9e. C\u2019est pourquoi, nous sommes ravis de vous annoncer la lancement de notre dernier service novateur&nbsp;:<mark style=\"background-color:rgba(0, 0, 0, 0);color:#2c5993\" class=\"has-inline-color\"> <strong>E<\/strong>fficience <strong>G<\/strong>reen <strong>C<\/strong>ontrol<\/mark>.<\/p>\n\n\n\n<p>Cette solution de gestion et de supervision informatique \u00e0 distance, incarne notre engagement envers l\u2019innovation constante et notre d\u00e9sir de toujours vous offrir les solutions les plus efficaces.<\/p>\n\n\n\n<p><\/p>\n\n\n\n<p><strong>SURVEILLANCE, IDENTIFICATION ET RESOLUTION<\/strong><\/p>\n\n\n\n<p>L\u2019un des atouts majeurs de notre solution est sa capacit\u00e9 \u00e0 surveiller, identifier et r\u00e9soudre rapidement les probl\u00e8mes informatiques. Gr\u00e2ce \u00e0<mark style=\"background-color:rgba(0, 0, 0, 0);color:#2c5993\" class=\"has-inline-color\"> <strong>EGC<\/strong><\/mark>, les \u00e9quipes d\u2019Efficience i peuvent acc\u00e9der en temps r\u00e9el aux donn\u00e9es de sant\u00e9 et de performances de vos syst\u00e8mes, vous assurant une r\u00e9activit\u00e9 optimale en cas de soucis.<\/p>\n\n\n\n<p><\/p>\n\n\n\n<p><strong>REDUCTION DES TEMPS D\u2019ARRET<\/strong><\/p>\n\n\n\n<p>Notre solution r\u00e9duit consid\u00e9rablement les temps d\u2019arr\u00eat gr\u00e2ce \u00e0 nos acc\u00e8s instantan\u00e9s \u00e0 l\u2019ensemble de vos ordinateurs et serveurs, le tout depuis notre console centralis\u00e9e et s\u00e9curis\u00e9e.<\/p>\n\n\n\n<p><\/p>\n\n\n\n<p><strong>MAINTENANCE ET SECURITE<\/strong><\/p>\n\n\n\n<p>En parall\u00e8le, nous veillons \u00e0 maintenir la s\u00e9curit\u00e9 de vos terminaux et \u00e0 assurer vos mises \u00e0 jour gr\u00e2ce \u00e0 notre serveur d\u2019automatisation qui vous est d\u00e9di\u00e9, vous garantissant ainsi des syst\u00e8mes \u00e0 jour et s\u00e9curis\u00e9s en permanence.<\/p>\n\n\n\n<p><\/p>\n\n\n\n<p><strong><mark style=\"background-color:rgba(0, 0, 0, 0);color:#2c5993\" class=\"has-inline-color\">Souscrire un contrat EGC avec Efficience i, c\u2019est investir dans la tranquillit\u00e9 d\u2019esprit en mati\u00e8re de gestion informatique. Nous sommes fiers de pouvoir vous proposer ces avantages, alors, n\u2019h\u00e9sitez pas \u00e0 prendre contact avec notre \u00e9quipe commerciale&nbsp;afin d\u2019obtenir une pr\u00e9sentation personnalis\u00e9e du service&nbsp;!<\/mark><\/strong><\/p>\n\n\n<div class=\"wp-block-image\">\n<figure class=\"aligncenter size-full is-resized\"><img loading=\"lazy\" decoding=\"async\" width=\"942\" height=\"887\" src=\"https:\/\/www.efficience-i.fr\/wp-content\/uploads\/2023\/11\/NinJaOne-2.png\" alt=\"\" class=\"wp-image-277\" style=\"aspect-ratio:1.0620067643742954;width:617px;height:auto\" srcset=\"https:\/\/www.efficience-i.fr\/wp-content\/uploads\/2023\/11\/NinJaOne-2.png 942w, https:\/\/www.efficience-i.fr\/wp-content\/uploads\/2023\/11\/NinJaOne-2-300x282.png 300w, https:\/\/www.efficience-i.fr\/wp-content\/uploads\/2023\/11\/NinJaOne-2-768x723.png 768w\" sizes=\"auto, (max-width: 942px) 100vw, 942px\" \/><\/figure>\n<\/div>","protected":false},"excerpt":{"rendered":"<p>BIENVENUE&nbsp;CHEZ EFFICIENCE GREEN CONTROL (EGC) Depuis les d\u00e9buts d\u2019Efficience i, l\u2019innovation constante a toujours \u00e9t\u00e9 au c\u0153ur de notre engagement envers nos clients&nbsp;! Dans notre domaine, l\u2019infog\u00e9rance des services informatiques, nous avons constamment cherch\u00e9 \u00e0 \u00e9lever la qualit\u00e9 de nos services. Notre qu\u00eate d\u2019\u00eatre \u00e0 la pointe de la technologie et de fournir ce qu\u2019il se fait de mieux en mati\u00e8re de gestion informatique ne [&hellip;]<\/p>\n","protected":false},"author":1,"featured_media":0,"parent":0,"menu_order":0,"comment_status":"closed","ping_status":"closed","template":"","meta":{"footnotes":""},"class_list":["post-262","page","type-page","status-publish","hentry"],"_links":{"self":[{"href":"https:\/\/www.efficience-i.fr\/index.php\/wp-json\/wp\/v2\/pages\/262","targetHints":{"allow":["GET"]}}],"collection":[{"href":"https:\/\/www.efficience-i.fr\/index.php\/wp-json\/wp\/v2\/pages"}],"about":[{"href":"https:\/\/www.efficience-i.fr\/index.php\/wp-json\/wp\/v2\/types\/page"}],"author":[{"embeddable":true,"href":"https:\/\/www.efficience-i.fr\/index.php\/wp-json\/wp\/v2\/users\/1"}],"replies":[{"embeddable":true,"href":"https:\/\/www.efficience-i.fr\/index.php\/wp-json\/wp\/v2\/comments?post=262"}],"version-history":[{"count":15,"href":"https:\/\/www.efficience-i.fr\/index.php\/wp-json\/wp\/v2\/pages\/262\/revisions"}],"predecessor-version":[{"id":296,"href":"https:\/\/www.efficience-i.fr\/index.php\/wp-json\/wp\/v2\/pages\/262\/revisions\/296"}],"wp:attachment":[{"href":"https:\/\/www.efficience-i.fr\/index.php\/wp-json\/wp\/v2\/media?parent=262"}],"curies":[{"name":"wp","href":"https:\/\/api.w.org\/{rel}","templated":true}]}}