{"id":117,"date":"2016-12-08T10:40:32","date_gmt":"2016-12-08T09:40:32","guid":{"rendered":"http:\/\/efficience-i.fr\/efficiencewp\/?page_id=117"},"modified":"2024-10-11T10:05:56","modified_gmt":"2024-10-11T08:05:56","slug":"cloud","status":"publish","type":"page","link":"https:\/\/www.efficience-i.fr\/index.php\/cloud\/","title":{"rendered":"Solutions Cloud"},"content":{"rendered":"<h4 style=\"text-align: center;\"><span style=\"color: #2c5993;\"><strong>Vous souhaitez apporter des solutions Cloud \u00e0 votre entreprise ?<\/strong><\/span><\/h4>\n<p>EFFICIENCE i dispose d&rsquo;\u00a0infrastructures h\u00e9berg\u00e9es pour ses clients : h\u00e9bergement de serveurs, acc\u00e8s s\u00e9curis\u00e9s (VPN), sauvegardes, PRA,\u00a0etc&#8230; Nous g\u00e9rons cette \u00e9volution de vos syst\u00e8mes <em>par des offres personnalis\u00e9es<\/em> en phase avec vos besoins et votre infrastructure interne.<\/p>\n<p style=\"text-align: center;\"><span style=\"color: #008000;\"><a style=\"color: #2c5993;\" href=\"https:\/\/www.efficience-i.fr\/index.php\/contactez-nous\/\">Contactez-nous<\/a><\/span> pour plus de d\u00e9tails.<\/p>\n<p style=\"text-align: center;\"><img loading=\"lazy\" decoding=\"async\" class=\"aligncenter wp-image-142 size-large\" src=\"https:\/\/www.efficience-i.fr\/wp-content\/uploads\/2016\/12\/Solution-1024x231.jpg\" width=\"1024\" height=\"231\" srcset=\"https:\/\/www.efficience-i.fr\/wp-content\/uploads\/2016\/12\/Solution-1024x231.jpg 1024w, https:\/\/www.efficience-i.fr\/wp-content\/uploads\/2016\/12\/Solution-300x68.jpg 300w, https:\/\/www.efficience-i.fr\/wp-content\/uploads\/2016\/12\/Solution-768x173.jpg 768w, https:\/\/www.efficience-i.fr\/wp-content\/uploads\/2016\/12\/Solution.jpg 1122w\" sizes=\"auto, (max-width: 1024px) 100vw, 1024px\" \/><\/p>\n","protected":false},"excerpt":{"rendered":"<p>Vous souhaitez apporter des solutions Cloud \u00e0 votre entreprise ? EFFICIENCE i dispose d&rsquo;\u00a0infrastructures h\u00e9berg\u00e9es pour ses clients : h\u00e9bergement de serveurs, acc\u00e8s s\u00e9curis\u00e9s (VPN), sauvegardes, PRA,\u00a0etc&#8230; Nous g\u00e9rons cette \u00e9volution de vos syst\u00e8mes par des offres personnalis\u00e9es en phase avec vos besoins et votre infrastructure interne. Contactez-nous pour plus de d\u00e9tails.<\/p>\n","protected":false},"author":1,"featured_media":0,"parent":0,"menu_order":0,"comment_status":"closed","ping_status":"closed","template":"","meta":{"footnotes":""},"class_list":["post-117","page","type-page","status-publish","hentry"],"_links":{"self":[{"href":"https:\/\/www.efficience-i.fr\/index.php\/wp-json\/wp\/v2\/pages\/117","targetHints":{"allow":["GET"]}}],"collection":[{"href":"https:\/\/www.efficience-i.fr\/index.php\/wp-json\/wp\/v2\/pages"}],"about":[{"href":"https:\/\/www.efficience-i.fr\/index.php\/wp-json\/wp\/v2\/types\/page"}],"author":[{"embeddable":true,"href":"https:\/\/www.efficience-i.fr\/index.php\/wp-json\/wp\/v2\/users\/1"}],"replies":[{"embeddable":true,"href":"https:\/\/www.efficience-i.fr\/index.php\/wp-json\/wp\/v2\/comments?post=117"}],"version-history":[{"count":18,"href":"https:\/\/www.efficience-i.fr\/index.php\/wp-json\/wp\/v2\/pages\/117\/revisions"}],"predecessor-version":[{"id":299,"href":"https:\/\/www.efficience-i.fr\/index.php\/wp-json\/wp\/v2\/pages\/117\/revisions\/299"}],"wp:attachment":[{"href":"https:\/\/www.efficience-i.fr\/index.php\/wp-json\/wp\/v2\/media?parent=117"}],"curies":[{"name":"wp","href":"https:\/\/api.w.org\/{rel}","templated":true}]}}